{"id":708,"date":"2023-06-20T08:19:18","date_gmt":"2023-06-20T08:19:18","guid":{"rendered":"https:\/\/technowebstore.com\/sunsol-wordpress\/?page_id=708"},"modified":"2025-09-23T18:07:36","modified_gmt":"2025-09-23T16:07:36","slug":"services","status":"publish","type":"page","link":"https:\/\/formation.sgtic.bj\/renovation\/services\/","title":{"rendered":"R\u00e9alisations"},"content":{"rendered":"\t\t<div data-elementor-type=\"wp-page\" data-elementor-id=\"708\" class=\"elementor elementor-708\">\n\t\t\t\t\t\t<section class=\"has_eae_slider elementor-section elementor-top-section elementor-element elementor-element-fda49ce elementor-section-boxed elementor-section-height-default elementor-section-height-default\" data-eae-slider=\"65149\" data-id=\"fda49ce\" data-element_type=\"section\" data-settings=\"{&quot;background_background&quot;:&quot;classic&quot;}\">\n\t\t\t\t\t\t\t<div class=\"elementor-background-overlay\"><\/div>\n\t\t\t\t\t\t\t<div class=\"elementor-container elementor-column-gap-default\">\n\t\t\t\t\t<div class=\"has_eae_slider elementor-column elementor-col-50 elementor-top-column elementor-element elementor-element-f4bbde6\" data-eae-slider=\"28333\" data-id=\"f4bbde6\" data-element_type=\"column\">\n\t\t\t<div class=\"elementor-widget-wrap elementor-element-populated\">\n\t\t\t\t\t\t<section class=\"has_eae_slider elementor-section elementor-inner-section elementor-element elementor-element-ca071d8 elementor-section-boxed elementor-section-height-default elementor-section-height-default\" data-eae-slider=\"10821\" data-id=\"ca071d8\" data-element_type=\"section\">\n\t\t\t\t\t\t<div class=\"elementor-container elementor-column-gap-default\">\n\t\t\t\t\t<div class=\"has_eae_slider elementor-column elementor-col-100 elementor-inner-column elementor-element elementor-element-fd67878\" data-eae-slider=\"30493\" data-id=\"fd67878\" data-element_type=\"column\">\n\t\t\t<div class=\"elementor-widget-wrap elementor-element-populated\">\n\t\t\t\t\t\t<div class=\"elementor-element elementor-element-4eafab6 elementor-widget elementor-widget-html\" data-id=\"4eafab6\" data-element_type=\"widget\" data-widget_type=\"html.default\">\n\t\t\t\t\t<div class=\"breadcrumb-link\">\r\n<a href=\"https:\/\/formation.sgtic.bj\/renovation\">\r\nAccueil\r\n<\/a>\r\n<span class=\"currentm\">r\u00e9alisations<\/span>\r\n<\/div>\t\t\t\t<\/div>\n\t\t\t\t\t<\/div>\n\t\t<\/div>\n\t\t\t\t\t<\/div>\n\t\t<\/section>\n\t\t\t\t<div class=\"elementor-element elementor-element-02ac4ef elementor-widget elementor-widget-heading\" data-id=\"02ac4ef\" data-element_type=\"widget\" data-widget_type=\"heading.default\">\n\t\t\t\t\t<h2 class=\"elementor-heading-title elementor-size-default\">R\u00e9alisations<\/h2>\t\t\t\t<\/div>\n\t\t\t\t\t<\/div>\n\t\t<\/div>\n\t\t\t\t<div class=\"has_eae_slider elementor-column elementor-col-50 elementor-top-column elementor-element elementor-element-ba76efe\" data-eae-slider=\"88953\" data-id=\"ba76efe\" data-element_type=\"column\">\n\t\t\t<div class=\"elementor-widget-wrap\">\n\t\t\t\t\t\t\t<\/div>\n\t\t<\/div>\n\t\t\t\t\t<\/div>\n\t\t<\/section>\n\t\t\t\t<section class=\"has_eae_slider elementor-section elementor-top-section elementor-element elementor-element-12fd5fb elementor-section-boxed elementor-section-height-default elementor-section-height-default\" data-eae-slider=\"401\" data-id=\"12fd5fb\" data-element_type=\"section\">\n\t\t\t\t\t\t<div class=\"elementor-container elementor-column-gap-default\">\n\t\t\t\t\t<div class=\"has_eae_slider elementor-column elementor-col-100 elementor-top-column elementor-element elementor-element-fe98b94\" data-eae-slider=\"95036\" data-id=\"fe98b94\" data-element_type=\"column\">\n\t\t\t<div class=\"elementor-widget-wrap elementor-element-populated\">\n\t\t\t\t\t\t<section class=\"has_eae_slider elementor-section elementor-inner-section elementor-element elementor-element-379883b elementor-section-boxed elementor-section-height-default elementor-section-height-default\" data-eae-slider=\"82452\" data-id=\"379883b\" data-element_type=\"section\">\n\t\t\t\t\t\t<div class=\"elementor-container elementor-column-gap-default\">\n\t\t\t\t\t<div class=\"has_eae_slider elementor-column elementor-col-100 elementor-inner-column elementor-element elementor-element-615d835\" data-eae-slider=\"65095\" data-id=\"615d835\" data-element_type=\"column\">\n\t\t\t<div class=\"elementor-widget-wrap elementor-element-populated\">\n\t\t\t\t\t\t<div class=\"elementor-element elementor-element-29e832f elementor-widget elementor-widget-heading\" data-id=\"29e832f\" data-element_type=\"widget\" data-widget_type=\"heading.default\">\n\t\t\t\t\t<h2 class=\"elementor-heading-title elementor-size-default\">Nos R\u00e9alisations<\/h2>\t\t\t\t<\/div>\n\t\t\t\t<div class=\"elementor-element elementor-element-7576e87 elementor-widget elementor-widget-heading\" data-id=\"7576e87\" data-element_type=\"widget\" data-widget_type=\"heading.default\">\n\t\t\t\t\t<h2 class=\"elementor-heading-title elementor-size-default\">D\u00e9couvrez quelques-unes de nos r\u00e9alisations, t\u00e9moignages concrets de notre savoir-faire et de notre engagement. <\/h2>\t\t\t\t<\/div>\n\t\t\t\t\t<\/div>\n\t\t<\/div>\n\t\t\t\t\t<\/div>\n\t\t<\/section>\n\t\t\t\t<section class=\"has_eae_slider elementor-section elementor-inner-section elementor-element elementor-element-3cbf78c elementor-section-boxed elementor-section-height-default elementor-section-height-default\" data-eae-slider=\"83541\" data-id=\"3cbf78c\" data-element_type=\"section\">\n\t\t\t\t\t\t<div class=\"elementor-container elementor-column-gap-default\">\n\t\t\t\t\t<div class=\"has_eae_slider elementor-column elementor-col-100 elementor-inner-column elementor-element elementor-element-22e0fed\" data-eae-slider=\"36275\" data-id=\"22e0fed\" data-element_type=\"column\">\n\t\t\t<div class=\"elementor-widget-wrap elementor-element-populated\">\n\t\t\t\t\t\t<div class=\"elementor-element elementor-element-0ec41c2 elementor-widget elementor-widget-shortcode\" data-id=\"0ec41c2\" data-element_type=\"widget\" data-widget_type=\"shortcode.default\">\n\t\t\t\t\t\t\t<div class=\"elementor-shortcode\">\n\n\n         \n                <div class=\"row\">\n                 \n\n            \n                <div class=\"col-md-4 mb-25\">\n                    <div class=\"tm-carousel-item shipping\">\n    <!-- Project Block -->\n    <div class=\"type-projects projects-current-theme1\">\n        <div class=\"inner-box\">\n            <div class=\"image-box\">\n                <div class=\"image\">\n                    <a href=\"https:\/\/formation.sgtic.bj\/renovation\/service\/steel-industry\/\">\n                        <img decoding=\"async\" src=\"https:\/\/formation.sgtic.bj\/renovation\/wp-content\/uploads\/2023\/09\/Design-sans-titre-10.png\"\n                            class=\"img-fullwidth wp-post-image\"\n                            alt=\"\"\/>\n                    <\/a>\n                <\/div>\n            <\/div>\n            <div class=\"content-box\">\n                <h5 class=\"title\"><a href=\"https:\/\/formation.sgtic.bj\/renovation\/service\/steel-industry\/\">R\u00e9novation compl\u00e8te de b\u00e2timents<\/a><\/h5>\n                \n                <a href=\"https:\/\/formation.sgtic.bj\/renovation\/service\/steel-industry\/\" class=\"icon-l\"><i class=\"icon icon-arrow-up\"><\/i><\/a>\n            <\/div>\n        <\/div>\n    <\/div>\n<\/div>\n <\/div>\n                     \n\t\t\t\t\t\n\n            \n                <div class=\"col-md-4 mb-25\">\n                    <div class=\"tm-carousel-item shipping\">\n    <!-- Project Block -->\n    <div class=\"type-projects projects-current-theme1\">\n        <div class=\"inner-box\">\n            <div class=\"image-box\">\n                <div class=\"image\">\n                    <a href=\"https:\/\/formation.sgtic.bj\/renovation\/service\/titanium-welding\/\">\n                        <img decoding=\"async\" src=\"https:\/\/formation.sgtic.bj\/renovation\/wp-content\/uploads\/2023\/09\/Design-sans-titre-11.png\"\n                            class=\"img-fullwidth wp-post-image\"\n                            alt=\"\"\/>\n                    <\/a>\n                <\/div>\n            <\/div>\n            <div class=\"content-box\">\n                <h5 class=\"title\"><a href=\"https:\/\/formation.sgtic.bj\/renovation\/service\/titanium-welding\/\">R\u00e9novation \u00e9nerg\u00e9tique<\/a><\/h5>\n                \n                <a href=\"https:\/\/formation.sgtic.bj\/renovation\/service\/titanium-welding\/\" class=\"icon-l\"><i class=\"icon icon-arrow-up\"><\/i><\/a>\n            <\/div>\n        <\/div>\n    <\/div>\n<\/div>\n <\/div>\n                     \n\t\t\t\t\t\n\n            \n                <div class=\"col-md-4 mb-25\">\n                    <div class=\"tm-carousel-item shipping\">\n    <!-- Project Block -->\n    <div class=\"type-projects projects-current-theme1\">\n        <div class=\"inner-box\">\n            <div class=\"image-box\">\n                <div class=\"image\">\n                    <a href=\"https:\/\/formation.sgtic.bj\/renovation\/service\/structual-steel\/\">\n                        <img decoding=\"async\" src=\"https:\/\/formation.sgtic.bj\/renovation\/wp-content\/uploads\/2023\/09\/Design-sans-titre-9.png\"\n                            class=\"img-fullwidth wp-post-image\"\n                            alt=\"\"\/>\n                    <\/a>\n                <\/div>\n            <\/div>\n            <div class=\"content-box\">\n                <h5 class=\"title\"><a href=\"https:\/\/formation.sgtic.bj\/renovation\/service\/structual-steel\/\">Restauration du patrimoine<\/a><\/h5>\n                \n                <a href=\"https:\/\/formation.sgtic.bj\/renovation\/service\/structual-steel\/\" class=\"icon-l\"><i class=\"icon icon-arrow-up\"><\/i><\/a>\n            <\/div>\n        <\/div>\n    <\/div>\n<\/div>\n <\/div>\n                     \n\t\t\t\t\t\n\n            \n                <div class=\"col-md-4 mb-25\">\n                    <div class=\"tm-carousel-item shipping\">\n    <!-- Project Block -->\n    <div class=\"type-projects projects-current-theme1\">\n        <div class=\"inner-box\">\n            <div class=\"image-box\">\n                <div class=\"image\">\n                    <a href=\"https:\/\/formation.sgtic.bj\/renovation\/service\/renovation-de-batiments-4\/\">\n                        <img decoding=\"async\" src=\"https:\/\/formation.sgtic.bj\/renovation\/wp-content\/uploads\/2025\/09\/Design-sans-titre-19.png\"\n                            class=\"img-fullwidth wp-post-image\"\n                            alt=\"\"\/>\n                    <\/a>\n                <\/div>\n            <\/div>\n            <div class=\"content-box\">\n                <h5 class=\"title\"><a href=\"https:\/\/formation.sgtic.bj\/renovation\/service\/renovation-de-batiments-4\/\"><\/a><\/h5>\n                \n                <a href=\"https:\/\/formation.sgtic.bj\/renovation\/service\/renovation-de-batiments-4\/\" class=\"icon-l\"><i class=\"icon icon-arrow-up\"><\/i><\/a>\n            <\/div>\n        <\/div>\n    <\/div>\n<\/div>\n <\/div>\n                     \n\t\t\t\t\t\n\n            \n                <div class=\"col-md-4 mb-25\">\n                    <div class=\"tm-carousel-item shipping\">\n    <!-- Project Block -->\n    <div class=\"type-projects projects-current-theme1\">\n        <div class=\"inner-box\">\n            <div class=\"image-box\">\n                <div class=\"image\">\n                    <a href=\"https:\/\/formation.sgtic.bj\/renovation\/service\/renovation\/\">\n                        <img decoding=\"async\" src=\"https:\/\/formation.sgtic.bj\/renovation\/wp-content\/uploads\/2025\/09\/Design-sans-titre-18.png\"\n                            class=\"img-fullwidth wp-post-image\"\n                            alt=\"\"\/>\n                    <\/a>\n                <\/div>\n            <\/div>\n            <div class=\"content-box\">\n                <h5 class=\"title\"><a href=\"https:\/\/formation.sgtic.bj\/renovation\/service\/renovation\/\"><\/a><\/h5>\n                \n                <a href=\"https:\/\/formation.sgtic.bj\/renovation\/service\/renovation\/\" class=\"icon-l\"><i class=\"icon icon-arrow-up\"><\/i><\/a>\n            <\/div>\n        <\/div>\n    <\/div>\n<\/div>\n <\/div>\n                     \n\t\t\t\t\t\n\n            \n                <div class=\"col-md-4 mb-25\">\n                    <div class=\"tm-carousel-item shipping\">\n    <!-- Project Block -->\n    <div class=\"type-projects projects-current-theme1\">\n        <div class=\"inner-box\">\n            <div class=\"image-box\">\n                <div class=\"image\">\n                    <a href=\"https:\/\/formation.sgtic.bj\/renovation\/service\/renovation-2\/\">\n                        <img decoding=\"async\" src=\"https:\/\/formation.sgtic.bj\/renovation\/wp-content\/uploads\/2025\/09\/Design-sans-titre-23.png\"\n                            class=\"img-fullwidth wp-post-image\"\n                            alt=\"\"\/>\n                    <\/a>\n                <\/div>\n            <\/div>\n            <div class=\"content-box\">\n                <h5 class=\"title\"><a href=\"https:\/\/formation.sgtic.bj\/renovation\/service\/renovation-2\/\"><\/a><\/h5>\n                \n                <a href=\"https:\/\/formation.sgtic.bj\/renovation\/service\/renovation-2\/\" class=\"icon-l\"><i class=\"icon icon-arrow-up\"><\/i><\/a>\n            <\/div>\n        <\/div>\n    <\/div>\n<\/div>\n <\/div>\n                     \n\t\t\t\t\t\n\n            \n                <div class=\"col-md-4 mb-25\">\n                    <div class=\"tm-carousel-item shipping\">\n    <!-- Project Block -->\n    <div class=\"type-projects projects-current-theme1\">\n        <div class=\"inner-box\">\n            <div class=\"image-box\">\n                <div class=\"image\">\n                    <a href=\"https:\/\/formation.sgtic.bj\/renovation\/service\/renovation-3\/\">\n                        <img decoding=\"async\" src=\"https:\/\/formation.sgtic.bj\/renovation\/wp-content\/uploads\/2025\/09\/Design-sans-titre-22.png\"\n                            class=\"img-fullwidth wp-post-image\"\n                            alt=\"\"\/>\n                    <\/a>\n                <\/div>\n            <\/div>\n            <div class=\"content-box\">\n                <h5 class=\"title\"><a href=\"https:\/\/formation.sgtic.bj\/renovation\/service\/renovation-3\/\"><\/a><\/h5>\n                \n                <a href=\"https:\/\/formation.sgtic.bj\/renovation\/service\/renovation-3\/\" class=\"icon-l\"><i class=\"icon icon-arrow-up\"><\/i><\/a>\n            <\/div>\n        <\/div>\n    <\/div>\n<\/div>\n <\/div>\n                     \n\t\t\t\t\t\n\n            \n                <div class=\"col-md-4 mb-25\">\n                    <div class=\"tm-carousel-item shipping\">\n    <!-- Project Block -->\n    <div class=\"type-projects projects-current-theme1\">\n        <div class=\"inner-box\">\n            <div class=\"image-box\">\n                <div class=\"image\">\n                    <a href=\"https:\/\/formation.sgtic.bj\/renovation\/service\/renovation-4\/\">\n                        <img decoding=\"async\" src=\"https:\/\/formation.sgtic.bj\/renovation\/wp-content\/uploads\/2025\/09\/Design-sans-titre-21.png\"\n                            class=\"img-fullwidth wp-post-image\"\n                            alt=\"\"\/>\n                    <\/a>\n                <\/div>\n            <\/div>\n            <div class=\"content-box\">\n                <h5 class=\"title\"><a href=\"https:\/\/formation.sgtic.bj\/renovation\/service\/renovation-4\/\"><\/a><\/h5>\n                \n                <a href=\"https:\/\/formation.sgtic.bj\/renovation\/service\/renovation-4\/\" class=\"icon-l\"><i class=\"icon icon-arrow-up\"><\/i><\/a>\n            <\/div>\n        <\/div>\n    <\/div>\n<\/div>\n <\/div>\n                     \n\t\t\t\t\t\n<\/div>\n \n<\/div>\n\t\t\t\t\t\t<\/div>\n\t\t\t\t\t<\/div>\n\t\t<\/div>\n\t\t\t\t\t<\/div>\n\t\t<\/section>\n\t\t\t\t\t<\/div>\n\t\t<\/div>\n\t\t\t\t\t<\/div>\n\t\t<\/section>\n\t\t<div class=\"has_eae_slider elementor-element elementor-element-2b6eedb e-flex e-con-boxed e-con e-parent\" data-eae-slider=\"94548\" data-id=\"2b6eedb\" data-element_type=\"container\">\n\t\t\t\t\t<div class=\"e-con-inner\">\n\t\t<div class=\"has_eae_slider elementor-element elementor-element-10cc5f0 e-con-full e-flex e-con e-child\" data-eae-slider=\"27890\" data-id=\"10cc5f0\" data-element_type=\"container\">\n\t\t\t\t<div class=\"elementor-element elementor-element-54cf92f elementor-widget elementor-widget-video\" data-id=\"54cf92f\" data-element_type=\"widget\" data-settings=\"{&quot;video_type&quot;:&quot;hosted&quot;,&quot;controls&quot;:&quot;yes&quot;}\" data-widget_type=\"video.default\">\n\t\t\t\t\t\t\t<div class=\"e-hosted-video elementor-wrapper elementor-open-inline\">\n\t\t\t\t\t<video class=\"elementor-video\" src=\"https:\/\/formation.sgtic.bj\/renovation\/wp-content\/uploads\/2025\/09\/WhatsApp-Video-2025-09-23-at-12.32.19.mp4\" controls=\"\" preload=\"metadata\" controlsList=\"nodownload\"><\/video>\n\t\t\t\t<\/div>\n\t\t\t\t\t\t<\/div>\n\t\t\t\t<\/div>\n\t\t<div class=\"has_eae_slider elementor-element elementor-element-0e266bd e-con-full e-flex e-con e-child\" data-eae-slider=\"12009\" data-id=\"0e266bd\" data-element_type=\"container\">\n\t\t\t\t<\/div>\n\t\t<div class=\"has_eae_slider elementor-element elementor-element-8868f15 e-con-full e-flex e-con e-child\" data-eae-slider=\"66724\" data-id=\"8868f15\" data-element_type=\"container\">\n\t\t\t\t<\/div>\n\t\t\t\t\t<\/div>\n\t\t\t\t<\/div>\n\t\t\t\t<\/div>\n\t\t","protected":false},"excerpt":{"rendered":"<p>Accueil r\u00e9alisations R\u00e9alisations Nos R\u00e9alisations D\u00e9couvrez quelques-unes de nos r\u00e9alisations, t\u00e9moignages concrets de notre savoir-faire et de notre engagement. https:\/\/formation.sgtic.bj\/renovation\/wp-content\/uploads\/2025\/09\/WhatsApp-Video-2025-09-23-at-12.32.19.mp4<\/p>\n","protected":false},"author":1,"featured_media":0,"parent":0,"menu_order":0,"comment_status":"closed","ping_status":"closed","template":"elementor_header_footer","meta":{"_acf_changed":false,"footnotes":""},"class_list":["post-708","page","type-page","status-publish","hentry"],"acf":[],"yoast_head":"<!-- This site is optimized with the Yoast SEO plugin v26.0 - https:\/\/yoast.com\/wordpress\/plugins\/seo\/ -->\n<title>R\u00e9alisations - Renovation de b\u00e2timents<\/title>\n<meta name=\"robots\" content=\"index, follow, max-snippet:-1, max-image-preview:large, max-video-preview:-1\" \/>\n<link rel=\"canonical\" href=\"https:\/\/formation.sgtic.bj\/renovation\/services\/\" \/>\n<meta property=\"og:locale\" content=\"fr_FR\" \/>\n<meta property=\"og:type\" content=\"article\" \/>\n<meta property=\"og:title\" content=\"R\u00e9alisations - Renovation de b\u00e2timents\" \/>\n<meta property=\"og:description\" content=\"Accueil r\u00e9alisations R\u00e9alisations Nos R\u00e9alisations D\u00e9couvrez quelques-unes de nos r\u00e9alisations, t\u00e9moignages concrets de notre savoir-faire et de notre engagement. https:\/\/formation.sgtic.bj\/renovation\/wp-content\/uploads\/2025\/09\/WhatsApp-Video-2025-09-23-at-12.32.19.mp4\" \/>\n<meta property=\"og:url\" content=\"https:\/\/formation.sgtic.bj\/renovation\/services\/\" \/>\n<meta property=\"og:site_name\" content=\"Renovation de b\u00e2timents\" \/>\n<meta property=\"article:modified_time\" content=\"2025-09-23T16:07:36+00:00\" \/>\n<meta name=\"twitter:card\" content=\"summary_large_image\" \/>\n<meta name=\"twitter:label1\" content=\"Dur\u00e9e de lecture estim\u00e9e\" \/>\n\t<meta name=\"twitter:data1\" content=\"2 minutes\" \/>\n<script type=\"application\/ld+json\" class=\"yoast-schema-graph\">{\"@context\":\"https:\/\/schema.org\",\"@graph\":[{\"@type\":\"WebPage\",\"@id\":\"https:\/\/formation.sgtic.bj\/renovation\/services\/\",\"url\":\"https:\/\/formation.sgtic.bj\/renovation\/services\/\",\"name\":\"R\u00e9alisations - Renovation de b\u00e2timents\",\"isPartOf\":{\"@id\":\"https:\/\/formation.sgtic.bj\/renovation\/#website\"},\"datePublished\":\"2023-06-20T08:19:18+00:00\",\"dateModified\":\"2025-09-23T16:07:36+00:00\",\"breadcrumb\":{\"@id\":\"https:\/\/formation.sgtic.bj\/renovation\/services\/#breadcrumb\"},\"inLanguage\":\"fr-FR\",\"potentialAction\":[{\"@type\":\"ReadAction\",\"target\":[\"https:\/\/formation.sgtic.bj\/renovation\/services\/\"]}]},{\"@type\":\"BreadcrumbList\",\"@id\":\"https:\/\/formation.sgtic.bj\/renovation\/services\/#breadcrumb\",\"itemListElement\":[{\"@type\":\"ListItem\",\"position\":1,\"name\":\"Accueil\",\"item\":\"https:\/\/formation.sgtic.bj\/renovation\/\"},{\"@type\":\"ListItem\",\"position\":2,\"name\":\"R\u00e9alisations\"}]},{\"@type\":\"WebSite\",\"@id\":\"https:\/\/formation.sgtic.bj\/renovation\/#website\",\"url\":\"https:\/\/formation.sgtic.bj\/renovation\/\",\"name\":\"Renovation de b\u00e2timents\",\"description\":\"\",\"potentialAction\":[{\"@type\":\"SearchAction\",\"target\":{\"@type\":\"EntryPoint\",\"urlTemplate\":\"https:\/\/formation.sgtic.bj\/renovation\/?s={search_term_string}\"},\"query-input\":{\"@type\":\"PropertyValueSpecification\",\"valueRequired\":true,\"valueName\":\"search_term_string\"}}],\"inLanguage\":\"fr-FR\"}]}<\/script>\n<!-- \/ Yoast SEO plugin. -->","yoast_head_json":{"title":"R\u00e9alisations - Renovation de b\u00e2timents","robots":{"index":"index","follow":"follow","max-snippet":"max-snippet:-1","max-image-preview":"max-image-preview:large","max-video-preview":"max-video-preview:-1"},"canonical":"https:\/\/formation.sgtic.bj\/renovation\/services\/","og_locale":"fr_FR","og_type":"article","og_title":"R\u00e9alisations - Renovation de b\u00e2timents","og_description":"Accueil r\u00e9alisations R\u00e9alisations Nos R\u00e9alisations D\u00e9couvrez quelques-unes de nos r\u00e9alisations, t\u00e9moignages concrets de notre savoir-faire et de notre engagement. https:\/\/formation.sgtic.bj\/renovation\/wp-content\/uploads\/2025\/09\/WhatsApp-Video-2025-09-23-at-12.32.19.mp4","og_url":"https:\/\/formation.sgtic.bj\/renovation\/services\/","og_site_name":"Renovation de b\u00e2timents","article_modified_time":"2025-09-23T16:07:36+00:00","twitter_card":"summary_large_image","twitter_misc":{"Dur\u00e9e de lecture estim\u00e9e":"2 minutes"},"schema":{"@context":"https:\/\/schema.org","@graph":[{"@type":"WebPage","@id":"https:\/\/formation.sgtic.bj\/renovation\/services\/","url":"https:\/\/formation.sgtic.bj\/renovation\/services\/","name":"R\u00e9alisations - Renovation de b\u00e2timents","isPartOf":{"@id":"https:\/\/formation.sgtic.bj\/renovation\/#website"},"datePublished":"2023-06-20T08:19:18+00:00","dateModified":"2025-09-23T16:07:36+00:00","breadcrumb":{"@id":"https:\/\/formation.sgtic.bj\/renovation\/services\/#breadcrumb"},"inLanguage":"fr-FR","potentialAction":[{"@type":"ReadAction","target":["https:\/\/formation.sgtic.bj\/renovation\/services\/"]}]},{"@type":"BreadcrumbList","@id":"https:\/\/formation.sgtic.bj\/renovation\/services\/#breadcrumb","itemListElement":[{"@type":"ListItem","position":1,"name":"Accueil","item":"https:\/\/formation.sgtic.bj\/renovation\/"},{"@type":"ListItem","position":2,"name":"R\u00e9alisations"}]},{"@type":"WebSite","@id":"https:\/\/formation.sgtic.bj\/renovation\/#website","url":"https:\/\/formation.sgtic.bj\/renovation\/","name":"Renovation de b\u00e2timents","description":"","potentialAction":[{"@type":"SearchAction","target":{"@type":"EntryPoint","urlTemplate":"https:\/\/formation.sgtic.bj\/renovation\/?s={search_term_string}"},"query-input":{"@type":"PropertyValueSpecification","valueRequired":true,"valueName":"search_term_string"}}],"inLanguage":"fr-FR"}]}},"_links":{"self":[{"href":"https:\/\/formation.sgtic.bj\/renovation\/wp-json\/wp\/v2\/pages\/708","targetHints":{"allow":["GET"]}}],"collection":[{"href":"https:\/\/formation.sgtic.bj\/renovation\/wp-json\/wp\/v2\/pages"}],"about":[{"href":"https:\/\/formation.sgtic.bj\/renovation\/wp-json\/wp\/v2\/types\/page"}],"author":[{"embeddable":true,"href":"https:\/\/formation.sgtic.bj\/renovation\/wp-json\/wp\/v2\/users\/1"}],"replies":[{"embeddable":true,"href":"https:\/\/formation.sgtic.bj\/renovation\/wp-json\/wp\/v2\/comments?post=708"}],"version-history":[{"count":16,"href":"https:\/\/formation.sgtic.bj\/renovation\/wp-json\/wp\/v2\/pages\/708\/revisions"}],"predecessor-version":[{"id":2611,"href":"https:\/\/formation.sgtic.bj\/renovation\/wp-json\/wp\/v2\/pages\/708\/revisions\/2611"}],"wp:attachment":[{"href":"https:\/\/formation.sgtic.bj\/renovation\/wp-json\/wp\/v2\/media?parent=708"}],"curies":[{"name":"wp","href":"https:\/\/api.w.org\/{rel}","templated":true}]}}